{"id":162,"date":"2019-02-04T10:13:34","date_gmt":"2019-02-04T10:13:34","guid":{"rendered":"http:\/\/trageberatung-starnberg.de\/?page_id=162"},"modified":"2019-02-05T16:40:32","modified_gmt":"2019-02-05T16:40:32","slug":"datenschutz","status":"publish","type":"page","link":"https:\/\/trageberatung-starnberg.de\/?page_id=162","title":{"rendered":"Datenschutz"},"content":{"rendered":"\n<p>\u00dcber Ihr Interesse und den Besuch auf meiner Website <\/p>\n\n\n\n<p><a href=\"http:\/\/trageberatung-starnberg.de\">www.trageberatung-starnberg.de <\/a><\/p>\n\n\n\n<p>freue ich mich sehr.<\/p>\n\n\n\n<p>Der Schutz Ihrer Privatsph\u00e4re ist f\u00fcr mich sehr wichtig. Sie werden nachstehend ausf\u00fchrlich \u00fcber den Umgang mit Ihren Daten informiert.<br><\/p>\n\n\n\n<p>Auf meiner Website finden sie keinerlei links oder buttons zu sozialen Netzwerken. Die Website wurde mit Strato und WordPress erstellt. (<a href=\"https:\/\/strato.de\/blog\/dsgvo-cookies\/\">Zitat Strato AG<\/a>: &#8222;Auch wir bei <a href=\"https:\/\/www.strato.de\">STRATO<\/a> arbeiten mit Cookies. Welche das sind und welcher Zweck dahinter steht, erf\u00e4hrst Du in unserer&nbsp;<a rel=\"noreferrer noopener\" href=\"https:\/\/www.strato.de\/datenschutz\/\" target=\"_blank\">Datenschutzerkl\u00e4rung<\/a>. In unseren Produkten&nbsp;<a rel=\"noreferrer noopener\" href=\"https:\/\/www.strato.de\/webshop\/\" target=\"_blank\">Webshop<\/a>&nbsp;und&nbsp;<a href=\"https:\/\/www.strato.de\/homepage-baukasten\/\">Homepage-Baukasten<\/a>&nbsp;setzen wir ebenfalls Cookies. Dabei handelt es sich jedoch ausschlie\u00dflich um Session Cookies. Diese verarbeiten keine personenbezogenen Daten und fallen entsprechend nicht unter die Regelungen der DSGVO.&#8220; Zitat ENDE)<\/p>\n\n\n\n<p>Die Nutzung meiner Internetseiten &#8222;trageberatung-starnberg.de&#8220; ist grunds\u00e4tzlich ohne jede Angabe personenbezogener Daten m\u00f6glich. Die Nutzung dient rein zur  Information \u00fcber mein Beratungssortiment und meine Preise bzw. \u00fcber die Services meines Kleinunternehmens. Bei weiteren Fragen oder wenn Sie mit mir in Kontakt treten, ist es daf\u00fcr nicht n\u00f6tig, Ihre personenbezogenen Daten zu verarbeiten oder zu speichern. Ist die Verarbeitung personenbezogener Daten erforderlich (z.B. bei Angeboten oder Terminabsprachen) und besteht f\u00fcr eine solche Verarbeitung keine gesetzliche Grundlage, hole ich generell eine Einwilligung der betroffenen Person ein.<\/p>\n\n\n\n<p>F\u00fcr Terminabsprachen, Angebote und Beratungsm\u00f6glichkeiten die speziell auf Sie zugeschnitten sind, erhebe ich personenbezogene Daten. Ebenso erhebe ich personenbezogene Daten, die meine Beratungsarbeit direkt betreffen und ohne diese ich meine Arbeit nicht individuell auf Sie zugeschnitten ausf\u00fchren kann. Diese sind der Namen der Kundin\/des Kunden, Postadresse, Telefonnummer, E-Mail-Adresse, Daten des Kindes\/der Kinder wie dessen\/deren Alter oder Geburtsdatum. Wenn Sie sich f\u00fcr eine Trageberatung bei mir entscheiden, erfolgt eine stichpunktartige Beratungsdokumentation. Ich notiere Ihren Beratungswunsch, den Ablauf der Beratung und eventuelle zu kl\u00e4rende Fragen. Sie haben jederzeit das Recht diese Dokumentation nach der Beratung mit Ausnahme der steuerrechtlich relevanten Daten l\u00f6schen zu lassen. <\/p>\n\n\n\n<p>Die Verarbeitung Ihrer personenbezogener Daten, beispielsweise des Namens, der Anschrift, E-Mail-Adresse oder Telefonnummer, erfolgt stets im Einklang mit der Datenschutz-Grundverordnung und in \u00dcbereinstimmung mit den f\u00fcr die trageberatung-starnberg geltenden landesspezifischen Datenschutzbestimmungen. <\/p>\n\n\n\n<p>Grunds\u00e4tzlich k\u00f6nnen internetbasierte Daten\u00fcbertragungen Sicherheitsl\u00fccken aufweisen, sodass ein vollst\u00e4ndiger Schutz von mir nicht gew\u00e4hrleistet werden kann. Daher habe ich auf ein Kontaktformular verzichtet. Sie k\u00f6nnen gerne jederzeit mit Ihren personenbezogene Daten auf alternativen Wegen, beispielsweise telefonisch, an mich herantreten.<\/p>\n\n\n\n<p>Auskunftsrecht und Kontaktm\u00f6glichkeit&nbsp;<\/p>\n\n\n\n<p>Sie haben ein Recht auf unentgeltliche Auskunft \u00fcber die bei mir zu Ihrer Person gespeicherten Daten sowie ggf. ein Recht auf Berichtigung oder Sperrung. Ebenso haben Sie jederzeit das Recht, diese von Ihnen an mich zur Verf\u00fcgung gestellten personenbezogene Daten l\u00f6schen zu lassen, vorausgesetzt dass dies nicht meine grunds\u00e4tzlichen gesetzlichen Aufbewahrungspflichten (z. B. f\u00fcr steuerliche Zwecke) betrifft.<\/p>\n\n\n\n<p>Bei Fragen zur Erhebung, Verarbeitung oder Nutzung Ihrer personenbezogenen Daten, bei Ausk\u00fcnften, Berichtigung, Sperrung oder L\u00f6schung von Daten sowie Widerruf erteilter Einwilligungen oder Widerspruch gegen eine bestimmte Datenverwendung wenden Sie sich bitte direkt an mich \u00fcber die Kontaktdaten in meinem <a href=\"http:\/\/trageberatung-starnberg.de\/?page_id=30\">Impressum<\/a>.<\/p>\n\n\n\n<p>Bitte benutzen Sie diese Internetseite nur, wenn Sie mit o.g. Informationen einverstanden sind.<\/p>\n\n\n\n<p><\/p>\n\n\n\n<p><\/p>\n","protected":false},"excerpt":{"rendered":"<p>\u00dcber Ihr Interesse und den Besuch auf meiner Website www.trageberatung-starnberg.de freue ich mich sehr. Der Schutz Ihrer Privatsph\u00e4re ist f\u00fcr mich sehr wichtig. Sie werden nachstehend ausf\u00fchrlich \u00fcber den Umgang mit Ihren Daten informiert. Auf meiner Website finden sie keinerlei links oder buttons zu sozialen Netzwerken. Die Website wurde mit Strato und WordPress erstellt. (Zitat &hellip; <a href=\"https:\/\/trageberatung-starnberg.de\/?page_id=162\" class=\"more-link\"><span class=\"screen-reader-text\">Datenschutz<\/span> weiterlesen<\/a><\/p>\n","protected":false},"author":1,"featured_media":0,"parent":0,"menu_order":0,"comment_status":"closed","ping_status":"closed","template":"","meta":{"footnotes":""},"class_list":["post-162","page","type-page","status-publish","hentry"],"_links":{"self":[{"href":"https:\/\/trageberatung-starnberg.de\/index.php?rest_route=\/wp\/v2\/pages\/162","targetHints":{"allow":["GET"]}}],"collection":[{"href":"https:\/\/trageberatung-starnberg.de\/index.php?rest_route=\/wp\/v2\/pages"}],"about":[{"href":"https:\/\/trageberatung-starnberg.de\/index.php?rest_route=\/wp\/v2\/types\/page"}],"author":[{"embeddable":true,"href":"https:\/\/trageberatung-starnberg.de\/index.php?rest_route=\/wp\/v2\/users\/1"}],"replies":[{"embeddable":true,"href":"https:\/\/trageberatung-starnberg.de\/index.php?rest_route=%2Fwp%2Fv2%2Fcomments&post=162"}],"version-history":[{"count":10,"href":"https:\/\/trageberatung-starnberg.de\/index.php?rest_route=\/wp\/v2\/pages\/162\/revisions"}],"predecessor-version":[{"id":188,"href":"https:\/\/trageberatung-starnberg.de\/index.php?rest_route=\/wp\/v2\/pages\/162\/revisions\/188"}],"wp:attachment":[{"href":"https:\/\/trageberatung-starnberg.de\/index.php?rest_route=%2Fwp%2Fv2%2Fmedia&parent=162"}],"curies":[{"name":"wp","href":"https:\/\/api.w.org\/{rel}","templated":true}]}}