{"id":274,"date":"2021-05-11T08:44:28","date_gmt":"2021-05-11T08:44:28","guid":{"rendered":"http:\/\/trageberatung-starnberg.de\/?page_id=274"},"modified":"2024-05-22T14:27:46","modified_gmt":"2024-05-22T14:27:46","slug":"corona-hygienekonzept","status":"publish","type":"page","link":"https:\/\/trageberatung-starnberg.de\/?page_id=274","title":{"rendered":"(Corona)Hygienekonzept*"},"content":{"rendered":"\n<p><strong>Mein Hygienekonzept f\u00fcr die Trageberatung:<\/strong><\/p>\n\n\n\n<ol class=\"wp-block-list\">\n<li>Trageberatung als Hausbesuch (Familie bleibt im gewohnten Umfeld)<\/li>\n\n\n\n<li>max. 5 Beteiligte aus zwei Haushalten (Haushalt 1: Baby (oder Babys) plus Eltern, Haushalt 2: Trageberater:in)<\/li>\n\n\n\n<li>Anfahrt mit dem Auto um den \u00d6PNV zu meiden und damit Kontakte zu minimieren<\/li>\n\n\n\n<li>H\u00e4ndewaschen und\/oder  Desinfektion der H\u00e4nde aller beteiligten Personen vor Beginn der Beratung (bitte ein extra G\u00e4stehandtuch bereithalten), jeweils eigenes Desinfektionsmittel benutzen<\/li>\n\n\n\n<li>die Beratung erfolgt mit einem Abstand von mind. 1,5 m<\/li>\n\n\n\n<li>Sicherung beim \u00dcben mit Kind erfolgt durch eine zweite Person desselben Haushalts, im Normalfall nicht durch mich<\/li>\n\n\n\n<li>Tragen von FFP2-Maske w\u00e4hrend der gesamten Beratung &#8211; bitte eigene FFP2-Masken bereithalten<\/li>\n\n\n\n<li>Hust- und Niesetikette ist einzuhalten<\/li>\n\n\n\n<li>Haustiere w\u00e4hrend der Beratung m\u00f6glichst fernhalten<\/li>\n\n\n\n<li>Essen und Trinken finden vor bzw. nach der Beratung statt, bei Bedarf in einem separaten Raum, Ausnahme: Versorgung des Babys<\/li>\n\n\n\n<li>regelm\u00e4\u00dfiges L\u00fcften (oder Beratung findet bei geeignetem Wetter drau\u00dfen statt)<\/li>\n\n\n\n<li>kein Materialtausch<\/li>\n\n\n\n<li>extra Tragepuppe f\u00fcr die Eltern (diese wird vor dem Einpacken desinfiziert und deren Kleidung wird regelm\u00e4\u00dfig gewaschen)<\/li>\n\n\n\n<li>extra Material in extra Taschen f\u00fcr die Eltern (benutztes Material wird nach der Beratung gewaschen, alles andere ruht 2-3 Tage)<\/li>\n\n\n\n<li>die (Corona)Warn-App auf meinem Handy ist dauerhaft aktiv und ich berate nur bei niedrigem Risiko<\/li>\n\n\n\n<li>mein (Corona)Schnelltest (weniger als 24 Stunden alt) ist negativ<\/li>\n\n\n\n<li>bei Krankheitssymptomen, einem positiven (Corona)Testergebnis oder Status &#8222;Kontaktperson der Kategorie I&#8220; einer der beteiligten Personen kann die Trageberatung nicht stattfinden<\/li>\n\n\n\n<li>falls bei einer oder mehreren Beteiligten in einem Zeitraum von 14 Tagen nach der Trageberatung Krankheitssymptome auftreten oder ein Test auf Covid-19 positiv ausf\u00e4llt, m\u00fcssen umgehend alle anderen Beteiligten informiert werden<\/li>\n<\/ol>\n\n\n\n<p><\/p>\n\n\n\n<p>* o\u00e4. Pandemie <\/p>\n\n\n\n<p><\/p>\n\n\n\n<p>Stand 05\/2024<\/p>\n","protected":false},"excerpt":{"rendered":"<p>Mein Hygienekonzept f\u00fcr die Trageberatung: * o\u00e4. Pandemie Stand 05\/2024<\/p>\n","protected":false},"author":1,"featured_media":0,"parent":0,"menu_order":0,"comment_status":"closed","ping_status":"closed","template":"","meta":{"footnotes":""},"class_list":["post-274","page","type-page","status-publish","hentry"],"_links":{"self":[{"href":"https:\/\/trageberatung-starnberg.de\/index.php?rest_route=\/wp\/v2\/pages\/274","targetHints":{"allow":["GET"]}}],"collection":[{"href":"https:\/\/trageberatung-starnberg.de\/index.php?rest_route=\/wp\/v2\/pages"}],"about":[{"href":"https:\/\/trageberatung-starnberg.de\/index.php?rest_route=\/wp\/v2\/types\/page"}],"author":[{"embeddable":true,"href":"https:\/\/trageberatung-starnberg.de\/index.php?rest_route=\/wp\/v2\/users\/1"}],"replies":[{"embeddable":true,"href":"https:\/\/trageberatung-starnberg.de\/index.php?rest_route=%2Fwp%2Fv2%2Fcomments&post=274"}],"version-history":[{"count":5,"href":"https:\/\/trageberatung-starnberg.de\/index.php?rest_route=\/wp\/v2\/pages\/274\/revisions"}],"predecessor-version":[{"id":350,"href":"https:\/\/trageberatung-starnberg.de\/index.php?rest_route=\/wp\/v2\/pages\/274\/revisions\/350"}],"wp:attachment":[{"href":"https:\/\/trageberatung-starnberg.de\/index.php?rest_route=%2Fwp%2Fv2%2Fmedia&parent=274"}],"curies":[{"name":"wp","href":"https:\/\/api.w.org\/{rel}","templated":true}]}}