{"id":39,"date":"2017-03-01T18:40:13","date_gmt":"2017-03-01T18:40:13","guid":{"rendered":"http:\/\/trageberatung-starnberg.de\/?page_id=39"},"modified":"2025-04-05T12:43:54","modified_gmt":"2025-04-05T12:43:54","slug":"beratungssortiment","status":"publish","type":"page","link":"https:\/\/trageberatung-starnberg.de\/?page_id=39","title":{"rendered":"Beratungssortiment"},"content":{"rendered":"<p>Das Beratungssortiment wird regelm\u00e4\u00dfig aktualisiert und angepasst!\u00a0Sie suchen etwas Bestimmtes oder w\u00fcnschen eine Beratung zu einer hier nicht aufgef\u00fchrten Tragehilfe!?\u00a0Bitte sprechen Sie mich darauf an!<\/p>\n<p><strong><span style=\"color: #006b67;\">Demo-Tragepuppen<\/span><\/strong> von Fr\u00fchchen, Newborn, \u00a0Toddler, Kleinkind\u00a0<\/p>\n<p><span style=\"color: #006b67;\"><strong>Traget\u00fccher<\/strong><\/span> in den L\u00e4ngen 1-7 und 10, unterschiedlichster Materialien (Baumwolle, Seide, Wolle, Bamboo, Leinen \u2026) in verschiedenen Webarten (classic, Hybrid, elastisch\/Jersey, \u00a0Mesh sowie Musselin) von folgenden Herstellern:<\/p>\n<ul>\n<li>Baie<\/li>\n<li>Boba<\/li>\n<li>Cocoo-me<\/li>\n<li>Didymos<\/li>\n<li>Ergobaby<\/li>\n<li>Girasol<\/li>\n<li>Hoppediz<\/li>\n<li>Izmi<\/li>\n<li>Kaami\u00a0<\/li>\n<li>Kokadi<\/li>\n<li>Laleni<\/li>\n<li>Little Frog<\/li>\n<li>Mama Nuka<\/li>\n<li>Manduca<\/li>\n<li>Minimonkey<\/li>\n<li>Natibaby<\/li>\n<li>Oscha<\/li>\n<li>Schmusewolke\u00a0<\/li>\n<li>Storchenwiege<\/li>\n<li>Vatanai<\/li>\n<li>Yaro<\/li>\n<\/ul>\n<p><span style=\"color: #006b67;\"><strong>Tragehilfen &amp; Slings &amp; Zubeh\u00f6r\u00a0<\/strong><\/span><\/p>\n<ul>\n<li>\u00a0Slings in unterschiedlichen Materialien (classic, elastisch\/Jersey\/Hybrid\u00a0 sowie Mesh und Musselin) diverser Ausf\u00fchrungen (gerafft, gefaltet) in verschiedenen L\u00e4ngen vieler Hersteller<\/li>\n<li>Ringsling f\u00fcr Zwillinge von Madame Jordan<\/li>\n<li>Slingringe<\/li>\n<li>Amazonas Mei Tai<\/li>\n<li>BabyBj\u00f6rn One &amp; Mini<\/li>\n<li>Babylonia Tai<\/li>\n<li>Babyzouks Onbu<\/li>\n<li>Boba bliss &amp; Boba X<\/li>\n<li>Buzzidil Babysize &amp; Standard &amp; versatile<\/li>\n<li>Buzzidil Buzzibu Onbu \/ Fullbuckle<\/li>\n<li>Buzzidil BuzziTai MeiTai \/ Fullbuckle<\/li>\n<li>Buzzidil Wrapidil 2.0<\/li>\n<li>Buzzidil Breeze Sommertrage Fullbuckle<\/li>\n<li>Buzzidil Preschooler<\/li>\n<li>Cocoo-me Helium elastische Trage<\/li>\n<li>Didymos DidyFix &amp; Toddler<\/li>\n<li>Didymos DidyKlick &amp; 4you &amp; Toddler<\/li>\n<li>Didymos DidyTai &amp; DidySnap &amp; DidyGo<\/li>\n<li>ergobaby embrace &amp; Adapt &amp; Away &amp; Aerloom &amp; Omni\u00a0<\/li>\n<li>emeibaby easy &amp; classic Babysize &amp; Standard<\/li>\n<li>emeibaby Toddlersize<\/li>\n<li>Fidella Fly Tai Babysize &amp; New Size Mei Tai<\/li>\n<li>(Fidella Confusion &amp; Fusion)<\/li>\n<li>Fidella Fusion 2.0 Toddler<\/li>\n<li>Fidella Onbuhimo<\/li>\n<li>Flenz Trage<\/li>\n<li>Fr\u00e4ulein H\u00fcbsch Soft Tai Babysize (&amp; MeiTai Baby &amp; MeiTai Toddler &amp;WrapCon Toddler)<\/li>\n<li>Fr\u00e4ulein H\u00fcbsch Fullbuckle Newborn und Onesize<\/li>\n<li>Girasol MySol auch inkl. H\u00fcftgurt und Schulterpolster<\/li>\n<li>Girasol WrapMySol inkl. H\u00fcftgurt<\/li>\n<li>(Hoppediz Bondolino Slim Fit &amp; plus) &amp; Bondolino b.pure<\/li>\n<li>(Hoppediz Hop Tye Classic &amp; Conversion) &amp; Advanced HTA<\/li>\n<li>Hoppediz Buckle Baby &amp; Toddler &amp;\u00a0Nabaca &amp; Primeo<\/li>\n<li>(Huckepack Halfbuckle Medium &amp; Fullbuckle Toddler)<\/li>\n<li>Isara The one &amp; Quick V2<\/li>\n<li>Isara Halfbuckle<\/li>\n<li>Izmi Babysize<\/li>\n<li>(JoNo Mei Tai Babysize &amp; Toddler)<\/li>\n<li>Kaami Click&amp;Cuddle &amp; Wrap&amp;Cuddle (&amp;BuckleTai)<\/li>\n<li>Kokadi Tai Tai Unisize &amp; XL (&amp;Babysize &amp; Toddler)<\/li>\n<li>Kokadi Flip Unisize &amp; XL (&amp;Babysize &amp;Toddler) &amp; Flip X Unisize<\/li>\n<li>Kokadi Wrapstar Unisize (&amp;Babysize)\u00a0<\/li>\n<li>(Limas Babytrage &amp; Plus &amp; Flex)<\/li>\n<li>Leliba Tai &amp; Zack &amp; Wrap up<\/li>\n<li>Leolin Mini &amp; Toddler<\/li>\n<li>LueMai Tragebaby<\/li>\n<li>Madame Jordan Mini MeiTai &amp; Wrap Conversion<\/li>\n<li>Madame Jordan Mr. X &amp; Twinset &amp; Tr\u00e4gerset<\/li>\n<li>MaMo MamaMotion auch als Fr\u00fchchen und Zwillingstrage<\/li>\n<li>Manduca first inkl. size it, zip in und extend &amp; XT<\/li>\n<li>Manduca Twist\u00a0<\/li>\n<li>Marsupi<\/li>\n<li>(Mein Tragling Zwergennest &amp; Kleiner Zwerg)<\/li>\n<li>(Moseskinder MeiTai Toddler)<\/li>\n<li>Minimonkey Mini Sling,\u00a0 Baby Carrier &amp; Twin &amp; Tandem<\/li>\n<li>Neko Tiny &amp; Switch, Carrier Bold Babysize sowie Switch Toddler &amp; HalfBuckle &amp; Onbu<\/li>\n<li>Qookie Vario, Evo, Ultimo &amp; Go<\/li>\n<li>Qusy Mini &amp; Standard<\/li>\n<li>(redfroschmaen)MeiTai Babysize &amp; H\u00fcfttrage<\/li>\n<li>Rookie Affinity &amp; Konnekt \u00a0<\/li>\n<li>Ruckeli Slim<\/li>\n<li>Schmusewolke MeiTai &amp; HalfBuckle &amp; Luna<\/li>\n<li>Schmusewolke Aura &amp; Comfort &amp; Maxi &amp; Family<\/li>\n<li>Stokke Limas Mesh Fullbuckle<\/li>\n<li>Tula Free-to-grow &amp; Explore<\/li>\n<li>(Wermli Meitai)<\/li>\n<\/ul>\n<p><strong><span style=\"color: #006b67;\">Tragekleidung \/ Zubeh\u00f6r<\/span><\/strong>: Diverse Cover, Tragejacken, Tragewesten, Ponchos sowie\u00a0 Babyoveralls und Babylegs, Tr\u00e4ger- und Gurtverl\u00e4ngerungen, Schnallen-Pads und Lendenwirbelst\u00fctzen runden mein Sortiment ab.<\/p>\n<p>F\u00fcr Geschwister sind Puppentragen und Puppentraget\u00fccher vorhanden.<\/p>\n<p><span style=\"color: #006b67;\"><em>(Die Auflistung erfolgt alphabetisch und stellt keine Wertung dar.)<\/em><\/span><\/p>\n<p>04\/2025<\/p>\n\n\n<p><\/p>\n\n\n\n<p><\/p>\n","protected":false},"excerpt":{"rendered":"<p>Das Beratungssortiment wird regelm\u00e4\u00dfig aktualisiert und angepasst!\u00a0Sie suchen etwas Bestimmtes oder w\u00fcnschen eine Beratung zu einer hier nicht aufgef\u00fchrten Tragehilfe!?\u00a0Bitte sprechen Sie mich darauf an! Demo-Tragepuppen von Fr\u00fchchen, Newborn, \u00a0Toddler, Kleinkind\u00a0 Traget\u00fccher in den L\u00e4ngen 1-7 und 10, unterschiedlichster Materialien (Baumwolle, Seide, Wolle, Bamboo, Leinen \u2026) in verschiedenen Webarten (classic, Hybrid, elastisch\/Jersey, \u00a0Mesh sowie Musselin) &hellip; <a href=\"https:\/\/trageberatung-starnberg.de\/?page_id=39\" class=\"more-link\"><span class=\"screen-reader-text\">Beratungssortiment<\/span> weiterlesen<\/a><\/p>\n","protected":false},"author":1,"featured_media":0,"parent":0,"menu_order":0,"comment_status":"closed","ping_status":"closed","template":"","meta":{"footnotes":""},"class_list":["post-39","page","type-page","status-publish","hentry"],"_links":{"self":[{"href":"https:\/\/trageberatung-starnberg.de\/index.php?rest_route=\/wp\/v2\/pages\/39","targetHints":{"allow":["GET"]}}],"collection":[{"href":"https:\/\/trageberatung-starnberg.de\/index.php?rest_route=\/wp\/v2\/pages"}],"about":[{"href":"https:\/\/trageberatung-starnberg.de\/index.php?rest_route=\/wp\/v2\/types\/page"}],"author":[{"embeddable":true,"href":"https:\/\/trageberatung-starnberg.de\/index.php?rest_route=\/wp\/v2\/users\/1"}],"replies":[{"embeddable":true,"href":"https:\/\/trageberatung-starnberg.de\/index.php?rest_route=%2Fwp%2Fv2%2Fcomments&post=39"}],"version-history":[{"count":74,"href":"https:\/\/trageberatung-starnberg.de\/index.php?rest_route=\/wp\/v2\/pages\/39\/revisions"}],"predecessor-version":[{"id":398,"href":"https:\/\/trageberatung-starnberg.de\/index.php?rest_route=\/wp\/v2\/pages\/39\/revisions\/398"}],"wp:attachment":[{"href":"https:\/\/trageberatung-starnberg.de\/index.php?rest_route=%2Fwp%2Fv2%2Fmedia&parent=39"}],"curies":[{"name":"wp","href":"https:\/\/api.w.org\/{rel}","templated":true}]}}