{"id":431,"date":"2026-05-03T15:27:05","date_gmt":"2026-05-03T15:27:05","guid":{"rendered":"https:\/\/trageberatung-starnberg.de\/?page_id=431"},"modified":"2026-05-03T15:27:05","modified_gmt":"2026-05-03T15:27:05","slug":"kundenstimmen","status":"publish","type":"page","link":"https:\/\/trageberatung-starnberg.de\/?page_id=431","title":{"rendered":"Kundenstimmen"},"content":{"rendered":"\n<blockquote class=\"wp-block-quote has-text-align-center is-layout-flow wp-block-quote-is-layout-flow\">\n<p>\u201e\u2026noch ein Riesen Dankesch\u00f6n f\u00fcr die tolle Beratung. Das Tragen auf dem R\u00fccken war ein richtiges Aha-Erlebnis\u2026\u201c<\/p>\n\n\n\n<p><\/p>\n\n\n\n<p>\u201eWir haben uns sehr wohl bei dir gef\u00fchlt und f\u00fchlen uns jetzt deutlich sicherer im Umgang mit Tuch und Trage\u201c<\/p>\n\n\n\n<p>\u201eVielen Dank f\u00fcr die ganzen Tipps und Hilfe!\u201c<\/p>\n\n\n\n<p>\u201eIch denke jedes Mal an dich, wenn ich sie (Kind) auf den R\u00fccken trage wieviel Mut du mir gemacht hast und das Vertrauen in mich best\u00e4rkt hast und du da warst und wir dadurch diesen (Trage)Weg gefunden haben. Supersch\u00f6n!\u201c<\/p>\n\n\n\n<p>\u201eVielen Dank f\u00fcr deinen tollen Workshop!\u201c<br><\/p>\n\n\n\n<blockquote class=\"wp-block-quote is-layout-flow wp-block-quote-is-layout-flow\">\n<p><\/p>\n<\/blockquote>\n\n\n\n<p>\u201eIch trage jetzt vor allem auch meine gro\u00dfe Tochter jetzt immer auf dem R\u00fccken &#8211; aber auch die Kleine immer \u00f6fter. Danke f\u00fcr den Workshop!\u201c<\/p>\n\n\n\n<p><\/p>\n\n\n\n<p>\u201eVielen Dank nochmal f\u00fcr die tolle Beratung!\u201c<\/p>\n\n\n\n<p>\u201e\u2026besten Dank f\u00fcr die gute und pragmatische Beratung\u2026\u201c<\/p>\n\n\n\n<p>\u201eNochmals vielen lieben Dank f\u00fcr die gute Beratung!\u201c<br><\/p>\n\n\n\n<p><\/p>\n<\/blockquote>\n\n\n\n<p><\/p>\n\n\n\n<p><\/p>\n","protected":false},"excerpt":{"rendered":"","protected":false},"author":1,"featured_media":0,"parent":0,"menu_order":0,"comment_status":"closed","ping_status":"closed","template":"","meta":{"footnotes":""},"class_list":["post-431","page","type-page","status-publish","hentry"],"_links":{"self":[{"href":"https:\/\/trageberatung-starnberg.de\/index.php?rest_route=\/wp\/v2\/pages\/431","targetHints":{"allow":["GET"]}}],"collection":[{"href":"https:\/\/trageberatung-starnberg.de\/index.php?rest_route=\/wp\/v2\/pages"}],"about":[{"href":"https:\/\/trageberatung-starnberg.de\/index.php?rest_route=\/wp\/v2\/types\/page"}],"author":[{"embeddable":true,"href":"https:\/\/trageberatung-starnberg.de\/index.php?rest_route=\/wp\/v2\/users\/1"}],"replies":[{"embeddable":true,"href":"https:\/\/trageberatung-starnberg.de\/index.php?rest_route=%2Fwp%2Fv2%2Fcomments&post=431"}],"version-history":[{"count":3,"href":"https:\/\/trageberatung-starnberg.de\/index.php?rest_route=\/wp\/v2\/pages\/431\/revisions"}],"predecessor-version":[{"id":435,"href":"https:\/\/trageberatung-starnberg.de\/index.php?rest_route=\/wp\/v2\/pages\/431\/revisions\/435"}],"wp:attachment":[{"href":"https:\/\/trageberatung-starnberg.de\/index.php?rest_route=%2Fwp%2Fv2%2Fmedia&parent=431"}],"curies":[{"name":"wp","href":"https:\/\/api.w.org\/{rel}","templated":true}]}}