{"id":58,"date":"2017-03-01T20:51:00","date_gmt":"2017-03-01T20:51:00","guid":{"rendered":"http:\/\/trageberatung-starnberg.de\/?page_id=58"},"modified":"2025-04-05T12:47:50","modified_gmt":"2025-04-05T12:47:50","slug":"trageberatung","status":"publish","type":"page","link":"https:\/\/trageberatung-starnberg.de\/?page_id=58","title":{"rendered":"Trageberatung"},"content":{"rendered":"<p>Eine Trageberatung erfolgt immer individuell abgestimmt auf Ihre Bed\u00fcrfnisse!<\/p>\n<p>Sollten Sie noch keine Tragematerialien zuhause haben, warten Sie bitte mit einem Kauf bis nach der Beratung. Im Beratungstermin bringe ich alle notwendigen Tragematerialien\u00a0sowie Demopuppen und weiterf\u00fchrende Informationen\u00a0mit.<\/p>\n<p><span style=\"color: #006b67;\"><strong>Ablauf:<\/strong><\/span><\/p>\n<p>Der Inhalt meiner Beratungen behandelt\u00a0alle\u00a0wichtigen Grundlagen zum Thema Tragen. \u00a0Im Besonderen sind dies\u00a0die Entwicklung und Anatomie sowie die speziellen Bed\u00fcrfnisse des Kindes, Bed\u00fcrfnisse des Tragenden ebenso wie die Eigenschaften\u00a0und Auswahlkriterien geeigneter\u00a0Tragematerialien.<\/p>\n<p>Eine Erstberatung als Einzel- oder Paarberatung dauert erfahrungsgem\u00e4\u00df \u00a0zwischen 1,5 und 2,5 Stunden.<\/p>\n<p><strong>Tuchberatung<\/strong>: Sie erhalten einen \u00dcberblick \u00fcber Auswahlkriterien f\u00fcr ein geeignetes Tragetuch. Ich stelle Ihnen auf Ihre Bed\u00fcrfnisse abgestimmte Bindeweisen vor, wovon eine gew\u00fcnschte unter meiner Anleitung mit der Tragepuppe einge\u00fcbt wird. Im Anschlu\u00df binden Sie Ihren Tragling mit meiner Unterst\u00fctzung selbst\u00e4ndig ein.<\/p>\n<p><strong>Tragehilfenberatung<\/strong>: Sie erhalten einen \u00dcberblick \u00fcber die unterschiedlichen Tragehilfen-Arten, k\u00f6nnen diese mit Tragepuppe testen und w\u00e4hlen ein passendes Modell aus. Sie erlernen das korrekte und individuelle Einstellen dieser auch mit eigenem Kind und bis zu mehreren Tragevarianten.<\/p>\n<p>Sollten Sie bereits Erfahrung \u00a0mit dem Tuch haben, eine <strong>Folgeberatung<\/strong> w\u00fcnschen um eine neue Bindeweise zu erlernen oder eine Tragehilfe zu testen, so dauert dies erfahrungsgem\u00e4\u00df ca. 1 Stunde.<\/p>\n<p>Wenn Sie mit einer Freundin (also zwei Tragepaaren) eine Beratung machen m\u00f6chten, rechnen Sie bitte mit 2,5 Stunden.<\/p>\n<p><strong>Nachberatungen<\/strong> (im Anschlu\u00df an eine Beratung und das gleiche Thema betreffend) per Telefon oder Email sind inklusive.<\/p>\n<p><strong><span style=\"color: #006b67;\">Trage-Check-up: <\/span><\/strong><span style=\"color: #006b67;\"><span style=\"color: #000000;\">Kurzes Check-up oder Beratung auch Dienstags vormittag vor Ort in der Hebammenpraxis &#8222;Murmel&#8220;, M\u00fchlthaler Weg 20, 82131 Gauting &#8211; m\u00f6glich. Bitte vorher einen Termin mit mir vereinbaren!<\/span><\/span><\/p>\n<p><strong>Anmeldung vorher<\/strong> unter: 08151-950 3691 bzw. 0172-4060984 oder<\/p>\n<p><span style=\"color: #006b67;\"><a style=\"color: #006b67;\" href=\"mailto:info@trageberatung-starnberg.de\"><b>info@trageberatung-starnberg.de<\/b><\/a><b><\/b><\/span><\/p>\n<p>&nbsp;<\/p>\n<p><span style=\"color: #006b67;\"><strong>Kosten:<\/strong><\/span><\/p>\n<p>Die Kosten f\u00fcr eine individuelle, pers\u00f6nliche Beratung (Tragepaar: Eltern\/max. 2 Bezugspersonen + Baby) bei Ihnen zuhause belaufen sich auf 60,&#8211;\u20ac pro Stunde. Nach der angesetzten Zeit werden die Stunden im 15 Minuten Takt \u00a0\u00e0 15,&#8211;\u20ac abgerechnet.<\/p>\n<p>W\u00fcnschen Sie ein Schwangerschaftspaket, eine Freundinnenberatung oder die Teilnahme an einem Workshop, so fragen Sie dies bitte individuell an. Die Kosten pro Tragepaar bei Workshops liegen etwas niedriger als die Einzelberatung, da die Anzahl der Teilnehmer gr\u00f6\u00dfer ist und der Input somit allgemeiner gehalten.<\/p>\n<p>Die Abrechnung der Beratung erfolgt immer direkt im Anschlu\u00df an diese in bar bzw. ist sofort f\u00e4llig.<\/p>\n<p>Ein unentschuldigtes Ausfallen des vereinbarten Termins\u00a0oder die Absage innerhalb von 24 Stunden vorher, berechne ich mit einem Ausfallhonorar in H\u00f6he von \u20ac 30,&#8211;.<\/p>\n<p><span style=\"color: #006b67;\"><strong>Verleih:<\/strong><\/span><\/p>\n<p>Teile meiner Ausstattung verleihe ich gegen Kaution in H\u00f6he des Anschaffungspreises (in der Regel pro Mietgegenstand zwischen \u20ac 60,&#8211; bis 150,&#8211;) bis zu 7 Tage im Anschluss an eine Beratung. Ich erhebe eine Reinigungs- und Nutzungsgeb\u00fchr in H\u00f6he von 5,&#8211;\u20ac pro Tragesystem\/Woche. Das ausgeliehene Material wird bitte selbst\u00e4ndig zur\u00fcckgegeben, eine Abholung durch mich k\u00f6nnen sie jedoch auch vereinbaren.<\/p>\n<p>Da ich nicht jede Trage in mehrfacher Ausf\u00fchrung besitze, fragen Sie bitte rechtzeitig vor einem Leih-Wunschzeitraum an. Danke.<\/p>\n<p>Stand 04\/2025<\/p>\n","protected":false},"excerpt":{"rendered":"<p>Eine Trageberatung erfolgt immer individuell abgestimmt auf Ihre Bed\u00fcrfnisse! Sollten Sie noch keine Tragematerialien zuhause haben, warten Sie bitte mit einem Kauf bis nach der Beratung. Im Beratungstermin bringe ich alle notwendigen Tragematerialien\u00a0sowie Demopuppen und weiterf\u00fchrende Informationen\u00a0mit. Ablauf: Der Inhalt meiner Beratungen behandelt\u00a0alle\u00a0wichtigen Grundlagen zum Thema Tragen. \u00a0Im Besonderen sind dies\u00a0die Entwicklung und Anatomie sowie &hellip; <a href=\"https:\/\/trageberatung-starnberg.de\/?page_id=58\" class=\"more-link\"><span class=\"screen-reader-text\">Trageberatung<\/span> weiterlesen<\/a><\/p>\n","protected":false},"author":1,"featured_media":0,"parent":0,"menu_order":0,"comment_status":"closed","ping_status":"closed","template":"","meta":{"footnotes":""},"class_list":["post-58","page","type-page","status-publish","hentry"],"_links":{"self":[{"href":"https:\/\/trageberatung-starnberg.de\/index.php?rest_route=\/wp\/v2\/pages\/58","targetHints":{"allow":["GET"]}}],"collection":[{"href":"https:\/\/trageberatung-starnberg.de\/index.php?rest_route=\/wp\/v2\/pages"}],"about":[{"href":"https:\/\/trageberatung-starnberg.de\/index.php?rest_route=\/wp\/v2\/types\/page"}],"author":[{"embeddable":true,"href":"https:\/\/trageberatung-starnberg.de\/index.php?rest_route=\/wp\/v2\/users\/1"}],"replies":[{"embeddable":true,"href":"https:\/\/trageberatung-starnberg.de\/index.php?rest_route=%2Fwp%2Fv2%2Fcomments&post=58"}],"version-history":[{"count":28,"href":"https:\/\/trageberatung-starnberg.de\/index.php?rest_route=\/wp\/v2\/pages\/58\/revisions"}],"predecessor-version":[{"id":401,"href":"https:\/\/trageberatung-starnberg.de\/index.php?rest_route=\/wp\/v2\/pages\/58\/revisions\/401"}],"wp:attachment":[{"href":"https:\/\/trageberatung-starnberg.de\/index.php?rest_route=%2Fwp%2Fv2%2Fmedia&parent=58"}],"curies":[{"name":"wp","href":"https:\/\/api.w.org\/{rel}","templated":true}]}}