{"id":61,"date":"2017-03-01T19:50:27","date_gmt":"2017-03-01T19:50:27","guid":{"rendered":"http:\/\/trageberatung-starnberg.de\/?page_id=61"},"modified":"2026-05-03T15:46:00","modified_gmt":"2026-05-03T15:46:00","slug":"workshops","status":"publish","type":"page","link":"https:\/\/trageberatung-starnberg.de\/?page_id=61","title":{"rendered":"Workshops"},"content":{"rendered":"<p>Ich biete Kurse\/Workshops zu unterschiedlichen Themen an. Die Themen sind nicht starr festgelegt und auf Wunsch und in Absprache mit allen Teilnehmern k\u00f6nnen diese auch gerne individualisiert werden.<\/p>\n<p><b><\/b><span style=\"color: #006b67;\">Termine 2026 &#8211; Bitte um schriftliche Anmeldung bis 24h vor Termin mit Anschrift per Mail! Die Anmeldung bzw. der Termin kommt nur bei schriftlicher Best\u00e4tigung durch mich zustande!<br \/>\nFragen gerne vorab: info@trageberatung-starnberg.de<\/span><\/p>\n<p>Themen:<\/p>\n<ul>\n<li><span style=\"color: #006b67;\">Dienstag 12. Mai 2026 um 10h \u00a0&#8211; Tragen\u00a0 im Tuch vor dem Bauch\u00a0<\/span><\/li>\n<li><span style=\"color: #006b67;\">Donnerstag 21. Mai 2026 um 10h &#8211; Tragen am R\u00fccken<\/span><\/li>\n<li><span style=\"color: #006b67;\">Tragehilfen-Check-up nach Vereinbarung<\/span><\/li>\n<li><span style=\"color: #006b67;\">Ring Sling\u00a0<\/span><\/li>\n<li><span style=\"color: #006b67;\">ua siehe weiter unten<\/span><\/li>\n<\/ul>\n<p><b>Kursort: bitte anfragen!<\/b><\/p>\n<p>Kosten: ab 45,&#8211; \u20ac pro Tragepaar (weitere Bezugsperson auf Anfrage!)<\/p>\n<p>R\u00fcckfragen und Anmeldung: 08151-9503691 bzw. 0172-4060984<\/p>\n<p><span style=\"color: #006b67;\"><a style=\"color: #006b67;\" href=\"mailto:info@trageberatung-starnberg.de\"><b>info@trageberatung-starnberg.de<\/b><\/a><b><\/b><\/span><\/p>\n<p>&nbsp;<\/p>\n<p>Beispiel-Inhalte der Workshops:<\/p>\n<p><span style=\"color: #006b67;\">Tragen vor dem Bauch im Tuch: <\/span>Ihr erwartet ein Baby oder seid ganz neu beim Thema \u201eTragen\u201c- Ich verschaffe Euch einen \u00dcberblick \u00fcber die wichtigsten Aspekte des Tragens und der Anatomie des Kindes sowie evolutionsbedingte Bed\u00fcrfnisse des Traglings. Gemeinsam \u00fcben wir das Binden der Wickelkreuztrage und\/oder K\u00e4nguru mit verschiedenen Tragetucharten.<\/p>\n<p><span style=\"color: #006b67;\">Tragehilfen: <\/span>Dieser Kurs gibt Euch einen guten \u00dcberblick \u00fcber die verschiedenen Tragehilfen-Arten und deren Unterschiede.\u00a0 Er bietet die M\u00f6glichkeit viele verschiedene Modelle zu testen und eine geeignete f\u00fcr Eure Tragesituation zu finden.\u00a0 Eventuell vorhandene Tragehilfen bitte mitbringen &#8211; wollt Ihr ein ganz bestimmtes Modell ausprobieren, bitte sprecht mich vorher darauf an.<\/p>\n<p><span style=\"color: #006b67;\">Tragen auf dem R\u00fccken <\/span>Dieser Workshop richtet sich an Euch, wenn Ihr Euer Kind auf dem R\u00fccken tragen m\u00f6chtet. Wir \u00fcben gemeinsam den einfachen Rucksack und wie Ihr mit einer Tragehilfe Euer Kind sicher auf den R\u00fccken f\u00fchrt. Eigene vorhandene T\u00fccher und\/oder Tragehilfen bitte mitbringen.<\/p>\n<p><span style=\"color: #006b67;\">Ring-Sling: <\/span>Das Tuch mit den Ringen oder Ringe mit Tuch&#8230; auch f\u00fcr Zwillinge &#8230; Wir binden und erarbeiten verschiedene Techniken um unseren Tragling im Ring-Sling zu tragen. Bringt gerne ein vorhandenes Tragetuch (L\u00e4nge egal) sowie einen eigenen Ring-Sling mit.<\/p>\n<p><span style=\"color: #006b67;\">Kurzes Tuch <\/span>Es gibt viele M\u00f6glichkeiten auch mit einem kurzen Tuch Gr. 2\/3\/4 !<\/p>\n<p><span style=\"color: #006b67;\">Alles so elastisch: <\/span>\u00dcberblick der elastischen Traget\u00fccher und Tragehilfen am Markt. Vorstellung und Ein\u00fcben passender Bindeweisen.<\/p>\n<p><span style=\"color: #006b67;\">F\u00fcr Gro\u00dfeltern: <\/span>Bed\u00fcrfnis- und Bindungsorient, alles anders heutzutage? \u00dcberblick \u00fcber Tragem\u00f6glichkeiten, (k\u00f6rperliche) Herausforderungen beim Tragen eines Kindes f\u00fcr Gro\u00dfeltern und L\u00f6sungsans\u00e4tze mit Praxisteil.<\/p>\n<p><span style=\"color: #006b67;\">V\u00e4terkurs: <\/span>Workshops unter M\u00e4nner: Tragen- das Stillen der V\u00e4ter? Besonders gro\u00df und breit?: auch daf\u00fcr gibt es bequeme M\u00f6glichkeiten.<\/p>\n<p><span style=\"color: #006b67;\">Prescooler \/ Tragen von gro\u00dfen Kindern: <span style=\"color: #000000;\">Das Kind l\u00e4uft schon lange aber m\u00f6chte weiterhin getragen werden? Daf\u00fcr gibt es viele M\u00f6glichkeiten und hier k\u00f6nnt ihr diese ausprobieren.<\/span><\/span><\/p>\n<p><span style=\"color: #006b67;\">Zwillinge oder Tandemtragen:<\/span> Verschiedene Optionen f\u00fcr das gleichzeitigen Tragen der Kinder, egal ob Geschwister, Zwilling, Mehrling oa.<\/p>\n<p><strong>Wichtig f\u00fcr alle Kurse<\/strong>: Die Workshops ersetzen keine individuelle Trageberatung und sind vor allem dazu geeignet, sich auf ein Thema einzulassen, Neues zu entdecken oder sicherer zu werden! Ihr d\u00fcrft gerne jeweils eigenes Tragematerial mitbringen und alternativ: nat\u00fcrlich habe ich pro Teilnehmer-Paar ausreichende Produkte und \u00dcbungspuppen dabei.<\/p>\n<p>Stand 04\/2026<\/p>\n","protected":false},"excerpt":{"rendered":"<p>Ich biete Kurse\/Workshops zu unterschiedlichen Themen an. Die Themen sind nicht starr festgelegt und auf Wunsch und in Absprache mit allen Teilnehmern k\u00f6nnen diese auch gerne individualisiert werden. Termine 2026 &#8211; Bitte um schriftliche Anmeldung bis 24h vor Termin mit Anschrift per Mail! Die Anmeldung bzw. der Termin kommt nur bei schriftlicher Best\u00e4tigung durch mich &hellip; <a href=\"https:\/\/trageberatung-starnberg.de\/?page_id=61\" class=\"more-link\"><span class=\"screen-reader-text\">Workshops<\/span> weiterlesen<\/a><\/p>\n","protected":false},"author":1,"featured_media":0,"parent":0,"menu_order":0,"comment_status":"closed","ping_status":"closed","template":"","meta":{"footnotes":""},"class_list":["post-61","page","type-page","status-publish","hentry"],"_links":{"self":[{"href":"https:\/\/trageberatung-starnberg.de\/index.php?rest_route=\/wp\/v2\/pages\/61","targetHints":{"allow":["GET"]}}],"collection":[{"href":"https:\/\/trageberatung-starnberg.de\/index.php?rest_route=\/wp\/v2\/pages"}],"about":[{"href":"https:\/\/trageberatung-starnberg.de\/index.php?rest_route=\/wp\/v2\/types\/page"}],"author":[{"embeddable":true,"href":"https:\/\/trageberatung-starnberg.de\/index.php?rest_route=\/wp\/v2\/users\/1"}],"replies":[{"embeddable":true,"href":"https:\/\/trageberatung-starnberg.de\/index.php?rest_route=%2Fwp%2Fv2%2Fcomments&post=61"}],"version-history":[{"count":23,"href":"https:\/\/trageberatung-starnberg.de\/index.php?rest_route=\/wp\/v2\/pages\/61\/revisions"}],"predecessor-version":[{"id":439,"href":"https:\/\/trageberatung-starnberg.de\/index.php?rest_route=\/wp\/v2\/pages\/61\/revisions\/439"}],"wp:attachment":[{"href":"https:\/\/trageberatung-starnberg.de\/index.php?rest_route=%2Fwp%2Fv2%2Fmedia&parent=61"}],"curies":[{"name":"wp","href":"https:\/\/api.w.org\/{rel}","templated":true}]}}